{"id":768,"date":"2013-12-09T23:49:19","date_gmt":"2013-12-09T22:49:19","guid":{"rendered":"http:\/\/www.milosnicylasu.olsztyn.pl\/?page_id=768"},"modified":"2026-04-19T18:59:51","modified_gmt":"2026-04-19T16:59:51","slug":"polityka-prywatnosci","status":"publish","type":"page","link":"https:\/\/www.milosnicylasu.olsztyn.pl\/?page_id=768","title":{"rendered":"Polityka prywatno\u015bci"},"content":{"rendered":"<p style=\"text-align: center;\"><strong>Realizacja obowi\u0105zk\u00f3w wynikaj\u0105cych z art. 173 i 174 ustawy z dnia 16 lipca 2004 r. Prawo Telekomunikacyjne (Dz. U. Nr 171, poz. 1800 z p\u00f3\u017aniejszymi zmianami).<\/strong><\/p>\n<p>Aby zapewni\u0107 jak najlepsze dzia\u0142anie nasze strony wykorzystuj\u0105 pliki Cookies. Korzystanie z witryny oznacza zgod\u0119 na ich zapis i wykorzystanie zgodnie z Polityk\u0105 Prywatno\u015bci. Niniejsza Polityka okre\u015bla zasady zapisywania, przechowywania i dost\u0119pu do informacji na urz\u0105dzeniach U\u017cytkownika za pomoc\u0105 plik\u00f3w Cookies.<\/p>\n<p><strong>Polityka prywatno\u015bci<\/strong>:<\/p>\n<p>W\u0142a\u015bcicielem Witryny, oraz podmiotem zapisuj\u0105cym informacje na Urz\u0105dzeniach U\u017cytkownika jest: <a href=\"http:\/\/www.milosnicylasu.olsztyn.pl\">Ko\u0142o Mi\u0142o\u015bnik\u00f3w Lasu przy Regionalnej Dyrekcji Las\u00f3w Pa\u0144stwowych w Olsztynie<\/a>.<\/p>\n<ol>\n<li>Informacje zbierane przez Witryn\u0119 nie s\u0105 udost\u0119pniane innym podmiotom, za wyj\u0105tkiem sytuacji gdy zwr\u00f3ci si\u0119 o to upowa\u017cniony organ administracji publicznej lub s\u0105d.<\/li>\n<li>Pliki Cookies zapisywane podczas nawigowania po Witrynie nie zbieraj\u0105 ani nie przechowuj\u0105 \u017cadnych danych osobowych u\u017cytkownik\u00f3w.<\/li>\n<li>Informacje zbierane przez Witryn\u0119 mog\u0105 s\u0142u\u017cy\u0107 nast\u0119puj\u0105cym celom: u\u0142atwieniu nawigowania po stronach Witryny (np \u201cpami\u0119taniu\u201d preferencji wy\u015bwietlania ustawionych przez u\u017cytkownika) optymalizacji korzystania ze stron internetowych Witryny identyfikacji ustawie\u0144 przegl\u0105darki i optymalnego dostosowania wy\u015bwietlanych stron (np. automatycznej detekcji ustawie\u0144 j\u0119zykowych) statystykom odwiedzania Witryny zapewnienia bezpiecze\u0144stwa i niezawodno\u015bci dzia\u0142ania Witryny.<\/li>\n<li>Witryna <a href=\"http:\/\/www.milosnicylasu.olsztyn.pl\">www.milosnicylasu.olsztyn.pl<\/a>\u00a0nie odpowiada za polityk\u0119 prywatno\u015bci oraz wykorzystywanie danych gromadzonych przez inne witryny, do kt\u00f3rych odno\u015bniki (linki) znajduj\u0105 si\u0119 na naszych stronach.<\/li>\n<li>U\u017cytkownik mo\u017ce wy\u0142\u0105czy\u0107 b\u0105d\u017a ograniczy\u0107 w przegl\u0105darce mo\u017cliwo\u015b\u0107 zapisywania plik\u00f3w cookies, lecz w takim przypadku musi liczy\u0107 si\u0119 z pewnymi niedogodno\u015bciami w nawigowaniu po Witrynie (przy zachowaniu jego pe\u0142nej funkcjonalno\u015bci).<\/li>\n<li>U\u017cytkownik mo\u017ce w ka\u017cdej chwili usun\u0105\u0107 zapisane na jego urz\u0105dzeniu pliki cookies, korzystaj\u0105c ze standardowych mechanizm\u00f3w u\u017cywanej przegl\u0105darki.<\/li>\n<li>Polityka prywatno\u015bci Witryny\u00a0<a href=\"http:\/\/www.milosnicylasu.olsztyn.pl\">www.milosnicylasu.olsztyn.pl<\/a> mo\u017ce czasami ulega\u0107 zmianom lecz prawa u\u017cytkownika z niej wynikaj\u0105ce nie zostan\u0105 ograniczone bez wyra\u017anej zgody u\u017cytkownika.<\/li>\n<li>Wszelkie zmiany Polityki prywatno\u015bci b\u0119d\u0105 publikowane na stronach <a href=\"http:\/\/www.milosnicylasu.olsztyn.pl\">www.milosnicylasu.olsztyn.pl<\/a>, zachowane zostan\u0105 r\u00f3wnie\u017c poprzednie wersje niniejszej Polityki prywatno\u015bci w archiwum, aby umo\u017cliwi\u0107 u\u017cytkownikom zapoznanie si\u0119 z nimi.<\/li>\n<li>Serwis korzysta do cel\u00f3w statystycznych z narz\u0119dzia Google Analytics, kt\u00f3re pozwala lepiej zrozumie\u0107 preferencje u\u017cytkownik\u00f3w. Google Analytics zapisuje pliki cookies pod domen\u0105 witryny <a href=\"http:\/\/www.milosnicylasu.olsztyn.pl\">milosnicylasu.olsztyn.pl<\/a>. Korzysta z zestawu plik\u00f3w cookie (takich jak \u201e__utma\u201d czy \u201e_utmz\u201d), kt\u00f3re umo\u017cliwiaj\u0105 anonimowe zbieranie informacji i przekazywanie danych na temat trend\u00f3w bez identyfikowania poszczeg\u00f3lnych u\u017cytkownik\u00f3w. Dowiedz si\u0119 wi\u0119cej o plikach cookie z <a title=\"Google Analytics\" href=\"http:\/\/www.google.com\/analytics\/\" target=\"_blank\" rel=\"noopener\">Google Analytics<\/a> i <a title=\"Polityka Prywatno\u015bci Google\" href=\"http:\/\/www.google.com\/intl\/pl\/policies\/\" target=\"_blank\" rel=\"noopener\">ochronie prywatno\u015bci<\/a>.<\/li>\n<\/ol>\n<p><strong>Rodzaje wykorzystywanych plik\u00f3w cookies:<\/strong><\/p>\n<p>Witryna <a href=\"http:\/\/www.milosnicylasu.olsztyn.pl\">milosnicylasu.olsztyn.pl<\/a>\u00a0wykorzystuje (podobnie jak wi\u0119kszo\u015b\u0107 witryn) dwa rodzaje plik\u00f3w cookies:<\/p>\n<ol>\n<li>Pliki sesyjne (session cookies) przechowywane na urz\u0105dzeniu U\u017cytkownika i usuwane z niego w momencie zako\u0144czenia sesji przegl\u0105darki (b\u0105d\u017a jej wy\u0142\u0105czenia).<\/li>\n<li>Pliki trwa\u0142e (persistent cookies) przechowywane na urz\u0105dzeniu U\u017cytkownika i nie usuwane po zako\u0144czeniu sesji. Pliki te s\u0142u\u017c\u0105 do identyfikacji i personalizacji serwisu powracaj\u0105cych U\u017cytkownik\u00f3w. Aby je usun\u0105\u0107, nale\u017cy skorzysta\u0107 z mechanizm\u00f3w czyszczenia plik\u00f3w tymczasowych i cookies wbudowanych w ka\u017cd\u0105 przegl\u0105dark\u0119. Oba rodzaje plik\u00f3w Cookies nie zbieraj\u0105 danych osobowych U\u017cytkownik\u00f3w i s\u0105 bezpieczne dla urz\u0105dzenia U\u017cytkownika.<\/li>\n<\/ol>\n<p><strong>Podstawa prawna:<\/strong><\/p>\n<ol>\n<li>Obowi\u0105zuj\u0105c\u0105 podstaw\u0105 prawn\u0105 jest Ustawa z dnia 16 lipca 2004 r. Prawo Telekomunikacyjne (Dz. U. Nr 171, poz. 1800) z kt\u00f3r\u0105 mo\u017cna si\u0119 zapozna\u0107 na stronach <a title=\"UKE\" href=\"http:\/\/www.uke.gov.pl\/\" target=\"_blank\" rel=\"noopener\">Urz\u0119du Komunikacji Elektronicznej<\/a><\/li>\n<\/ol>\n<p><strong>S\u0142ownik termin\u00f3w:<\/strong><\/p>\n<ol>\n<li>W\u0142a\u015bciciel Portalu oznacza <a href=\"http:\/\/www.milosnicylasu.olsztyn.pl\">Ko\u0142o Mi\u0142o\u015bnik\u00f3w Lasu przy Regionalnej Dyrekcji Las\u00f3w Pa\u0144stwowych w Olsztynie<\/a>.<\/li>\n<li>Cookies oznacza niewielki plik tekstowy zapisywany na urz\u0105dzeniu U\u017cytkownika pozwalaj\u0105cy serwerowi, kt\u00f3ry je zapisa\u0142, na odczyt informacji w nich zawartych.<\/li>\n<li>Wotryna\u00a0oznacza strony internetowe zlokalizowane pod adresem:\u00a0<a href=\"http:\/\/www.milosnicylasu.olsztyn.pl\">www.milosnicylasu.olsztyn.pl<\/a> i zarz\u0105dzane przez W\u0142a\u015bciciela.<\/li>\n<li>U\u017cytkownik oznacza odwiedzaj\u0105cego strony Portalu<\/li>\n<li>Urz\u0105dzenie oznacza elektroniczne urz\u0105dzenia za pomoc\u0105 kt\u00f3rego U\u017cytkownik nawiguje po stronach Portalu. Mo\u017ce to by\u0107 komputer, telefon lub inny sprz\u0119t z funkcjonalno\u015bci\u0105 przegl\u0105darki stron www.<\/li>\n<\/ol>\n","protected":false},"excerpt":{"rendered":"<p>Realizacja obowi\u0105zk\u00f3w wynikaj\u0105cych z art. 173 i 174 ustawy z dnia 16 lipca 2004 r. Prawo Telekomunikacyjne (Dz. U. Nr 171, poz. 1800 z p\u00f3\u017aniejszymi zmianami). Aby zapewni\u0107 jak najlepsze dzia\u0142anie nasze strony wykorzystuj\u0105 pliki Cookies. Korzystanie z witryny oznacza zgod\u0119 na ich zapis i wykorzystanie zgodnie z Polityk\u0105 Prywatno\u015bci. Niniejsza Polityka okre\u015bla zasady zapisywania, [&hellip;]<\/p>\n","protected":false},"author":1,"featured_media":0,"parent":0,"menu_order":0,"comment_status":"open","ping_status":"open","template":"","meta":{"footnotes":""},"class_list":["post-768","page","type-page","status-publish","hentry"],"_links":{"self":[{"href":"https:\/\/www.milosnicylasu.olsztyn.pl\/index.php?rest_route=\/wp\/v2\/pages\/768","targetHints":{"allow":["GET"]}}],"collection":[{"href":"https:\/\/www.milosnicylasu.olsztyn.pl\/index.php?rest_route=\/wp\/v2\/pages"}],"about":[{"href":"https:\/\/www.milosnicylasu.olsztyn.pl\/index.php?rest_route=\/wp\/v2\/types\/page"}],"author":[{"embeddable":true,"href":"https:\/\/www.milosnicylasu.olsztyn.pl\/index.php?rest_route=\/wp\/v2\/users\/1"}],"replies":[{"embeddable":true,"href":"https:\/\/www.milosnicylasu.olsztyn.pl\/index.php?rest_route=%2Fwp%2Fv2%2Fcomments&post=768"}],"version-history":[{"count":3,"href":"https:\/\/www.milosnicylasu.olsztyn.pl\/index.php?rest_route=\/wp\/v2\/pages\/768\/revisions"}],"predecessor-version":[{"id":9914,"href":"https:\/\/www.milosnicylasu.olsztyn.pl\/index.php?rest_route=\/wp\/v2\/pages\/768\/revisions\/9914"}],"wp:attachment":[{"href":"https:\/\/www.milosnicylasu.olsztyn.pl\/index.php?rest_route=%2Fwp%2Fv2%2Fmedia&parent=768"}],"curies":[{"name":"wp","href":"https:\/\/api.w.org\/{rel}","templated":true}]}}