{"id":795,"date":"2013-12-21T17:03:20","date_gmt":"2013-12-21T16:03:20","guid":{"rendered":"http:\/\/www.milosnicylasu.olsztyn.pl\/?page_id=795"},"modified":"2016-03-07T17:32:01","modified_gmt":"2016-03-07T16:32:01","slug":"sprawdzone-rajdowe-przepisy","status":"publish","type":"page","link":"https:\/\/www.milosnicylasu.olsztyn.pl\/?page_id=795","title":{"rendered":"Rajdowe przepisy"},"content":{"rendered":"<p><a href=\"http:\/\/www.milosnicylasu.olsztyn.pl\/wp-content\/uploads\/2016\/03\/DSCN5799-www.jpg\" rel=\"attachment wp-att-2612\" data-rel=\"lightbox-image-0\" data-magnific_type=\"image\" data-rl_title=\"\" data-rl_caption=\"\" title=\"\"><img loading=\"lazy\" decoding=\"async\" class=\"size-medium wp-image-2612 alignleft\" src=\"http:\/\/www.milosnicylasu.olsztyn.pl\/wp-content\/uploads\/2016\/03\/DSCN5799-www-300x225.jpg\" alt=\"DSCN5799-www\" width=\"300\" height=\"225\" srcset=\"https:\/\/www.milosnicylasu.olsztyn.pl\/wp-content\/uploads\/2016\/03\/DSCN5799-www-300x225.jpg 300w, https:\/\/www.milosnicylasu.olsztyn.pl\/wp-content\/uploads\/2016\/03\/DSCN5799-www-768x576.jpg 768w, https:\/\/www.milosnicylasu.olsztyn.pl\/wp-content\/uploads\/2016\/03\/DSCN5799-www.jpg 1024w, https:\/\/www.milosnicylasu.olsztyn.pl\/wp-content\/uploads\/2016\/03\/DSCN5799-www-400x300.jpg 400w\" sizes=\"auto, (max-width: 300px) 100vw, 300px\" \/><\/a><\/p>\n<p><strong>Rogaliki krucho \u2013 dro\u017cd\u017cowe<\/strong><\/p>\n<p>&nbsp;<\/p>\n<p>Dro\u017cd\u017ce 50 g rozkruszy\u0107; 1 \u0142y\u017cka cukru, 1\/3 szklanki ciep\u0142ego mleka, 3 \u0142y\u017cki m\u0105ki wymiesza\u0107 i odstawi\u0107 do \u201druszenia\u201d na 15- 20 minut. M\u0105ka 0,5 kg + 250 g mas\u0142a lub \u201e Kasi\u201d starannie po\u0142\u0105czy\u0107, nast\u0119pnie doda\u0107 rozmieszane 3 \u2013 4 jaja ca\u0142e, szczypt\u0119 soli i wszystko razem wyrobi\u0107. Ciasto wstawi\u0107 do lod\u00f3wki a\u017c wyro\u015bnie \/ oko\u0142o 1 godzina\/. Kawa\u0142ki ciasta rozwa\u0142kowa\u0107 na prostok\u0105ty szeroko\u015bci oko\u0142o 15 \u2013 16 cm. Grubo\u015bci 3 \u2013 4 milimetry.<\/p>\n<p><a href=\"http:\/\/www.milosnicylasu.olsztyn.pl\/wp-content\/uploads\/2013\/12\/DSCN5845-www.jpg\" rel=\"attachment wp-att-2616\" data-rel=\"lightbox-image-1\" data-magnific_type=\"image\" data-rl_title=\"\" data-rl_caption=\"\" title=\"\"><img loading=\"lazy\" decoding=\"async\" class=\"size-medium wp-image-2616 alignright\" src=\"http:\/\/www.milosnicylasu.olsztyn.pl\/wp-content\/uploads\/2013\/12\/DSCN5845-www-300x225.jpg\" alt=\"DSCN5845-www\" width=\"300\" height=\"225\" srcset=\"https:\/\/www.milosnicylasu.olsztyn.pl\/wp-content\/uploads\/2013\/12\/DSCN5845-www-300x225.jpg 300w, https:\/\/www.milosnicylasu.olsztyn.pl\/wp-content\/uploads\/2013\/12\/DSCN5845-www-768x576.jpg 768w, https:\/\/www.milosnicylasu.olsztyn.pl\/wp-content\/uploads\/2013\/12\/DSCN5845-www.jpg 1024w, https:\/\/www.milosnicylasu.olsztyn.pl\/wp-content\/uploads\/2013\/12\/DSCN5845-www-400x300.jpg 400w\" sizes=\"auto, (max-width: 300px) 100vw, 300px\" \/><\/a>Pokroi\u0107 na tr\u00f3jk\u0105ty, po\u0142o\u017cy\u0107 troch\u0119 d\u017cemu z pigwy, wi\u015bnie, kawa\u0142ki jab\u0142ka itp. Zawin\u0105\u0107 w rogalik.<\/p>\n<p>Na blaszce musz\u0105 troch\u0119 podrosn\u0105\u0107, posmarowa\u0107 rozbitym jajkiem. Piec w nagrzanym piekarniku \u2013 180 stop. Celcjusza \u00a0oko\u0142o 20 minut.<\/p>\n<p>Rogaliki polukrowa\u0107\u00a0 : 1 szklanka cukru pudru, sok z \u00bd cytryny, 4 \u2013 5 \u0142y\u017cek wrz\u0105cej wody.<\/p>\n<p><strong>\u00a0 Paszteciki<\/strong><\/p>\n<p>Z tego samego ciasta mo\u017cna upiec paszteciki z r\u00f3\u017cnym nadzieniem \u2013 z wierzchu posypa\u0107 kminkiem.<\/p>\n<p>Tereska robi ciasto z podw\u00f3jnej ilo\u015bci \u2013 po\u0142ow\u0119 na rogaliki, po\u0142owa na paszteciki.<\/p>\n<p>&nbsp;<\/p>\n<p><strong>Smacznego!<\/strong><\/p>\n<p>Przepis od \u00a0Teresy \u017bemojcin<\/p>\n<p>&nbsp;<\/p>\n<p>&nbsp;<\/p>\n<p style=\"text-align: left;\" align=\"center\"><strong>Tereski przepis na ciasteczka<\/strong><\/p>\n<p style=\"text-align: left;\" align=\"center\"><strong><em><a href=\"http:\/\/www.milosnicylasu.olsztyn.pl\/wp-content\/uploads\/2015\/02\/PC30039-www.jpg\" data-rel=\"lightbox-image-2\" data-magnific_type=\"image\" data-rl_title=\"\" data-rl_caption=\"\" title=\"\"><img loading=\"lazy\" decoding=\"async\" class=\"alignleft size-medium wp-image-1524\" src=\"http:\/\/www.milosnicylasu.olsztyn.pl\/wp-content\/uploads\/2015\/02\/PC30039-www-300x225.jpg\" alt=\"PC30039-www\" width=\"300\" height=\"225\" srcset=\"https:\/\/www.milosnicylasu.olsztyn.pl\/wp-content\/uploads\/2015\/02\/PC30039-www-300x225.jpg 300w, https:\/\/www.milosnicylasu.olsztyn.pl\/wp-content\/uploads\/2015\/02\/PC30039-www-400x300.jpg 400w, https:\/\/www.milosnicylasu.olsztyn.pl\/wp-content\/uploads\/2015\/02\/PC30039-www.jpg 1024w\" sizes=\"auto, (max-width: 300px) 100vw, 300px\" \/><\/a>P\u00f3\u0142ksi\u0119\u017cyce<\/em><\/strong><\/p>\n<p style=\"text-align: left;\" align=\"center\">20 dkg mas\u0142a lub &#8222;Kasi&#8221;<\/p>\n<p style=\"text-align: left;\" align=\"center\">1 szklanka cukru<\/p>\n<p style=\"text-align: left;\" align=\"center\">1,5 szklanki m\u0105ki<\/p>\n<p style=\"text-align: left;\" align=\"center\">5 ca\u0142ych jaj<\/p>\n<p style=\"text-align: left;\" align=\"center\">2 \u0142y\u017cki kakao<\/p>\n<p style=\"text-align: left;\" align=\"center\">Wszystkie sk\u0142adniki utrze\u0107, rozsmarowa\u0107 na blaszce, wy\u0142o\u017conej uprzednio papierem do pieczenia. Piec 20 min w temp. 180 stopni. Ostudzi\u0107, pola\u0107 lukrem \/1 szklanka cukru pudru, 3 \u0142y\u017cki gor\u0105cej wody, sok z cytryny lub zapach cytrynowy\/. Jak ciasto si\u0119 ostudzi, to wykrawa\u0107 p\u00f3\u0142ksi\u0119\u017cyce literatk\u0105.<\/p>\n<p style=\"text-align: left;\" align=\"center\">_________________________________________<\/p>\n<p style=\"text-align: left;\" align=\"center\"><strong>Oto par\u0119\u00a0<\/strong><strong style=\"color: #333333; font-style: normal; line-height: 24.375px;\">propozycji na pyszne i szybkie przek\u0105ski.<\/strong><strong>\u00a0<\/strong><\/p>\n<p><strong>Szynka zawijana<\/strong><\/p>\n<p>Sk\u0142adniki (na 2 osoby, je\u015bli b\u0119dzie ich wi\u0119cej odpowiednio pomno\u017cy\u0107):<\/p>\n<ul>\n<li>4 plastry szynki,<\/li>\n<li>1 zielone jab\u0142ko,<\/li>\n<li>12 orzech\u00f3w w\u0142oskich,<\/li>\n<li>natka pietruszki,<\/li>\n<li>1 cytryna,<\/li>\n<li>200 g mi\u0119kkiego, \u015bwie\u017cego, kremowego serka (np. Philadelfia).<\/li>\n<\/ul>\n<p>Wykonanie:<br \/>\nZmiesza\u0107 serek z posiekan\u0105 natk\u0105 pietruszki. Obra\u0107 jab\u0142ko i pokroi\u0107 na ma\u0142e kawa\u0142eczki, a nast\u0119pnie spryska\u0107 sokiem z cytryny.<br \/>\nOrzechy posieka\u0107 na drobno. Kawa\u0142eczki jab\u0142ka i posiekane orzechy doda\u0107 do masy z sera i pietruszki \u2013 wymiesza\u0107 wszystko razem. Plastry szynki owin\u0105\u0107 wok\u00f3\u0142 otrzymanego farszu, nak\u0142adaj\u0105c na ka\u017cdy z plastr\u00f3w \u0142y\u017ck\u0119 farszu. Gotowe!<\/p>\n<p>_______________________________________________<\/p>\n<p><strong>Chrupi\u0105ce pa\u0142eczki z drobiu<\/strong><\/p>\n<p>Sk\u0142adniki:<\/p>\n<ul>\n<li>600 g mi\u0119sa z piersi kurczaka,<\/li>\n<li>oregano,<\/li>\n<li>bu\u0142ka tarta,<\/li>\n<li>s\u00f3l,<\/li>\n<li>2 jajka,<\/li>\n<li>bia\u0142y pieprz,<\/li>\n<li>olej do sma\u017cenia.<\/li>\n<\/ul>\n<p>Wykonanie:<br \/>\nPiersi z kurczaka pokroi\u0107 na kawa\u0142ki d\u0142ugie oko\u0142o 10 cm i szerokie oko\u0142o 1 cm.<br \/>\nPrzyprawi\u0107 je oregano, sol\u0105, bia\u0142ym pieprzem. W miseczce rozbe\u0142ta\u0107 jajka. Rozgrza\u0107 olej na patelni. Kawa\u0142ki kurczaka zanurzy\u0107 w jajku, a potem w bu\u0142ce tartej \u2013 usma\u017cy\u0107 na rumiano z obu stron.<br \/>\nDo bu\u0142ki tartej mo\u017cna doda\u0107 tak\u017ce nasiona sezamu lub maku, albo odrobin\u0119 startego parmezanu \u2013 uzyskamy wtedy r\u00f3\u017cne smaki i kolory naszych pa\u0142eczek.<br \/>\nDo pa\u0142eczek mo\u017cna poda\u0107 gotowy, dowolny sos, majonez, ketchup itp.<\/p>\n<p>______________________________________________________________<\/p>\n<p><strong><a href=\"http:\/\/moja_kuchnia.blogerki.pl\/2010\/01\/02\/szparagi-w-szynce-z-sosem-tatars_fjfc.html\">Szparagi w szynce z sosem tatarskim<\/a><\/strong><b><\/b><\/p>\n<p><br clear=\"all\" \/> <b><i>Sk\u0142adniki: <\/i><\/b>ma\u0142y s\u0142oiczek pieczarek marynowanych, 2-3 \u015brednie og\u00f3rki konserwowe, ma\u0142a cebula, s\u0142oiczek szparag\u00f3w konserwowych, majonez, par\u0119 plastr\u00f3w szynki, szczypiorek.<\/p>\n<p><b><i>Przygotowanie: <\/i><\/b>pieczarki, og\u00f3rek i cebul\u0119 bardzo drobno pokri\u0107. doda\u0107 oko\u0142o 3-4 \u0142y\u017cek majonezu i dok\u0142adnie wymiesza\u0107. Ka\u017cdy plaster szynki posmarowa\u0107 sosem tatarskim i uk\u0142ada\u0107 na nim 1 lub 2 szparagi. Zawin\u0105\u0107 i zawiaza\u0107 szczypiorkiem.<\/p>\n<p>____________________________________________________________________<\/p>\n<h1><b>Szynka ze szparagami<\/b><\/h1>\n<ul>\n<li>szparagi (ma\u0142e) w s\u0142oiczku najlepiej zielone ale bia\u0142e te\u017c mog\u0105 by\u0107, 1 szt<\/li>\n<li>szynka lub pol\u0119dwica sopocka, 10 plasterk\u00f3w<\/li>\n<li>serek chrzanowy \/pi\u0105tnica lub almette,\/ 1 szt.<\/li>\n<\/ul>\n<table border=\"0\" cellpadding=\"0\">\n<tbody>\n<tr>\n<td><\/td>\n<td><\/td>\n<td><\/td>\n<td><\/td>\n<\/tr>\n<\/tbody>\n<\/table>\n<h2>Przygotowanie<\/h2>\n<ol start=\"1\">\n<li>szynk\u0119 smarujemy serkiem, k\u0142adziemy po 2 szparagi i rolujemy, uk\u0142adamy na p\u00f3\u0142misku, dekorujemy chrzanem, natk\u0105 pietruszki kawa\u0142kami oliwki.<\/li>\n<li>Mo\u017cna te\u017c serek chrzanowy posmarowa\u0107 sosem \u017curawinowym i dopiero u\u0142o\u017cy\u0107 szparagi b\u0119dzie przek\u0105ska jeszcze smaczniejsza<\/li>\n<\/ol>\n<p align=\"center\"><strong>Ciasto z rabarbarem i budyniow\u0105 piank\u0105<\/strong><\/p>\n<table border=\"1\" width=\"100%\" cellpadding=\"0\">\n<tbody>\n<tr>\n<td width=\"40%\">\n<p align=\"center\"><b>Sk\u0142adniki<\/b><\/p>\n<\/td>\n<td>\n<p align=\"center\"><b>Przepis<\/b><\/p>\n<\/td>\n<\/tr>\n<tr>\n<td valign=\"top\"><b>Kruche ciasto:<\/b><br \/>\n2,5 szklanki m\u0105ki<br \/>\n5 \u017c\u00f3\u0142tek<br \/>\n2 \u0142y\u017ceczki proszku do pieczenia<br \/>\n250 g margaryny<br \/>\n3 \u0142y\u017cki cukru pudru<b>Pianka budyniowa:<\/b><br \/>\n5 bia\u0142ek<br \/>\n1 cukier waniliowy<br \/>\n1 szklanka cukru<br \/>\n2 budynie waniliowe lub \u015bmietankowe<br \/>\n1\/2 szklanki oleju (np. rzepakowego)<br \/>\nszczypta soli<\/td>\n<\/tr>\n<\/tbody>\n<\/table>\n<p><b>Dodatkowo:<\/b><br \/>\nok 500 g \u0142odyg rabarbaru<br \/>\n1\/4 szklanki cukru pudru1. M\u0105k\u0119, cukier puder i proszek do pieczenia przesiewamy na stolnic\u0119, ca\u0142o\u015b\u0107 kruszymy z margaryn\u0105, a potem dodajemy \u017c\u00f3\u0142tka i zagniatamy ciasto. Dzielimy na dwie cz\u0119\u015bci wielko\u015bci 40% i 60%, owijamy w foli\u0119 i sch\u0142adzamy w zamra\u017calniku.<br \/>\n2. Wi\u0119ksz\u0105 cz\u0119\u015b\u0107 ciasta wyjmujemy, wylepiamy blaszk\u0119 wy\u0142o\u017con\u0105\u00a0 papierem do pieczenia i pieczemy na z\u0142oty kolor ok. 20 minut w 180 st. C. Ciasto ca\u0142kowicie studzimy.<br \/>\n3. Rabarbar myjemy, obieramy i kroimy na mniejsze kawa\u0142ki. Mieszamy z cukrem pudrem i odstawiamy.<br \/>\n4. Bia\u0142ka ubijamy ze szczypt\u0105 soli, dodajemy cukier waniliowy i mieszamy na najwy\u017cszych obrotach. Dodajemy po jednej \u0142y\u017cce cukru, ca\u0142y czas miksujemy, a\u017c cukier ca\u0142kowicie si\u0119 rozpu\u015bci. Wsypujemy proszek budyniowy, miksujemy, a na koniec wlewamy stru\u017ck\u0105 olej i miksujemy do po\u0142\u0105czenia si\u0119 sk\u0142adnik\u00f3w.<br \/>\n5. Piank\u0119 wyk\u0142adamy na podpieczone ciasto, na piank\u0119 uk\u0142adamy rabarbar (ods\u0105czony z nadmiaru soku), a na rabarbar \u015bcieramy pozosta\u0142\u0105 cz\u0119\u015b\u0107 kruchego ciasta.<br \/>\n6. Ca\u0142o\u015b\u0107 pieczemy przez ok. 45 minut w 180 st. C. Upieczone i wystudzone ciasto mo\u017cemy posypa\u0107 cukrem pudrem (pomin\u0119\u0142am).Smacznego!!!<\/p>\n<p>__________________________<\/p>\n<p>&nbsp;<\/p>\n<p><strong>NALEWKA GRZEGORZA!<\/strong><br \/>\nSk\u0142adniki:<br \/>\n&#8211; 2 x 0,5 l jasnego piwa;<br \/>\n&#8211; 200 \u2013 250 ml miodu;<br \/>\n&#8211; 180 \u2013 250 ml soku z cytryny;<\/p>\n<p>&#8211; 0,5 litra spirytusu<\/p>\n<p>Spos\u00f3b wykonania:<br \/>\n1. Do szklanego ( kamiennego) naczynia wla\u0107 cz\u0119\u015b\u0107 piwa i mi\u00f3d i miesza\u0107 a\u017c do jego rozpuszczenia.<br \/>\n2.Dola\u0107 pozosta\u0142\u0105 cz\u0119\u015b\u0107 piwa i wla\u0107 sok z cytryny i wymiesza\u0107.<br \/>\n3. Wla\u0107 spirytus i wymiesza\u0107.<br \/>\n4. Wla\u0107 do butelek<br \/>\nObj\u0119to\u015b\u0107 nalewki oko\u0142o 1750 ml.<br \/>\nPo kilku dniach na dnie butelek pojawi si\u0119 osad. Mo\u017cna go odcedzi\u0107.ale niekoniecznie. Jest to tylko osad z miodu i z cytryny.<\/p>\n<p>&nbsp;<\/p>\n<p><strong>Ciasto Zosi<\/strong><\/p>\n<p>7\u00a0 jab\u0142ek,3 jajka, 3 szklanki m\u0105ki, 1 \u0142y\u017ceczka sody, 1 \u0142y\u017ceczka proszku do pieczenia, 1 \u0142y\u017cka cynamonu, 1 \u0142y\u017cka kakao, 1 szklanka rodzynek, 1\/2 szklanki oleju, 4 \u0142y\u017cki cukru<\/p>\n<p>Jab\u0142ka obra\u0107, pokroi\u0107 w kostk\u0119, na to wsypywa\u0107 kolejno 4 \u0142y\u017cki cukru, 1\u00a0szklank\u0119 m\u0105ki, 1 \u0142y\u017ceczk\u0119 sody, 1 \u0142y\u017ceczk\u0119 proszku do pieczenia, 1 \u0142y\u017ck\u0119 cynamonu, \u0142y\u017ck\u0119 kakao, wbi\u0107 3 jajka, wsypa\u0107 1 szklank\u0119 m\u0105ki, 1 szklank\u0119 rodzynek, 1 szklank\u0119 m\u0105ki, wla\u0107 1\/2 szklanki oleju. Ca\u0142o\u015b\u0107 pozostawi\u0107 2 godziny &#8211; bez mieszania. P\u00f3\u017aniej wyrobi\u0107. Je\u017celi ciasto jest za g\u0119ste, mo\u017cna doda\u0107 wody gazowanej, albo jogurtu. Piec 45 min w temperaturze 180 stopni.<\/p>\n<p>Ciasto jest pyszne, wilgotne, o korzennym zapachu i smaku. Zosia przynosi od lat na spotkania rajdowe i zawsze szybko znika.<\/p>\n<p><strong>Ciasto na paszteciki<\/strong><\/p>\n<p>1\/2 kg m\u0105ki \/3 szklanki\/<\/p>\n<p>20 dkg margaryny lub mas\u0142a<\/p>\n<p>3 dkg dro\u017cd\u017cy<\/p>\n<p>2 \u0142y\u017ceczki cukru<\/p>\n<p>1\/2 \u015bmietany \/1 ca\u0142a ma\u0142a\/<\/p>\n<p>szczypta soli<\/p>\n<p>1 jajko ca\u0142e<\/p>\n<p>1 \u017c\u00f3\u0142tko<\/p>\n<p>Wszystkie sk\u0142adniki zagnie\u015b\u0107, postawi\u0107 do lod\u00f3wki na 0,5 godziny. Po tym czasie robimy paszteciki &#8211; w \u015brodek zawijamy \u015bliwki,\u00a0kapust\u0119 z grzybkami, inne farsze<\/p>\n<p><strong>Kie\u0142baski z opieniek \/ wg przepisu Rysia\/<\/strong><\/p>\n<p>1kg kapeluszy z m\u0142odych opieniek, 4 jaja, 2 cebule, 20 dkg w\u0119dzonej s\u0142oniny lub t\u0142ustego w\u0119dzonego boczku, 2 z\u0105bki czosnku, cienkie jelita wieprzowe.<\/p>\n<p>Grzyby oczy\u015bci\u0107, ugotowa\u0107, zemle\u0107 w maszynce do mi\u0119sa. 3 jajka ugotowa\u0107 na twardo i drobno posieka\u0107. Doda\u0107 drobno posiekan\u0105 i zarumienion\u0105 na smalcu cebul\u0119. Wymiesza\u0107, doda\u0107 surowe jajko, posoli\u0107 , popieprzy\u0107 do smaku, dok\u0142adnie wymiesza\u0107 farsz i nape\u0142ni\u0107 jelita dziel\u0105c na 10-15 cm kawa\u0142ki (kie\u0142baski). W\u0142o\u017cy\u0107 do zimnej, lekko osolonej wody &#8211; gotowa\u0107 od zawrzenia ok.10min na ma\u0142ym ogniu aby kie\u0142baski nie pop\u0119ka\u0142y. Przed podaniem pola\u0107 skwareczkami z w\u0119dzonej s\u0142oniny lub boczku. Mo\u017cna podawa\u0107 na zimno polane majonezem z siekanym szczypiorkiem.<\/p>\n<p>Zamiast opieniek mo\u017cna u\u017cy\u0107 te\u017c innych grzyb\u00f3w np. pieczarek, go\u0142\u0105bk\u00f3w itp.<\/p>\n<p>Wypr\u00f3bowa\u0142am przepis-pyszne opie\u0144ki, troch\u0119 upro\u015bci\u0142am, wi\u0119c\u00a0farsz by\u0142 upieczony w &#8222;keks\u00f3wce&#8221; , ale i tak by\u0142o smacznie\u00a0!<\/p>\n<p><strong>Sernik puszysty<\/strong><\/p>\n<p>Sk\u0142adniki<\/p>\n<p><strong>Ciasto:<\/strong><\/p>\n<p>1,5 szklanki m\u0105ki<\/p>\n<p>1 jajko<\/p>\n<p>1\/3 kostki margaryny<\/p>\n<p>0,5 szklanki cukru<\/p>\n<p>0,5 \u0142y\u017ceczki proszku do pieczenia<\/p>\n<p><strong>Masa serowa :<\/strong><\/p>\n<p>1 kg zmielonego twarogu<\/p>\n<p>5 jaj<\/p>\n<p>1 szklanka cukru<\/p>\n<p>0,5 szklanki oleju<\/p>\n<p>2 budynie \u015bmietankowe<\/p>\n<p>2 szklanki mleka<\/p>\n<p>cukier waniliowy<\/p>\n<p>rodzynki lub brzoskwinie<\/p>\n<p><strong>Etapy przygotowania<\/strong><\/p>\n<p>1. Z podanych sk\u0142adnik\u00f3w zagnie\u015b\u0107 ciasto i wy\u0142o\u017cy\u0107 dno formy.<\/p>\n<p>2. Ser, \u017c\u00f3\u0142tka, cukier, budy\u0144, olej, cukier waniliowy zmiksowa\u0107. Ubi\u0107 pian\u0119 z bia\u0142ek i po\u0142\u0105czy\u0107 z mas\u0105.<\/p>\n<p>3. Zagotowa\u0107 mleko i gor\u0105ce wla\u0107 do masy serowej. Dok\u0142adnie wymiesza\u0107. Doda\u0107 rodzynki lub przed wy\u0142o\u017ceniem masy serowej u\u0142o\u017cy\u0107 brzoskwinie. Wyla\u0107 mas\u0119 na przygotowany sp\u00f3d i piec oko\u0142o godziny. Uprzedzam, \u017ce masa serowa przed pieczeniem b\u0119dzie rzadka. Wyjmowa\u0107 dopiero po ca\u0142kowitym wystudzeniu.<\/p>\n<p>4. Mo\u017cna udekorowa\u0107 sernik zygzakami z polewy czekoladowej i pere\u0142kami.<\/p>\n<p><strong>Smacznego!<\/strong><\/p>\n","protected":false},"excerpt":{"rendered":"<p>Rogaliki krucho \u2013 dro\u017cd\u017cowe &nbsp; Dro\u017cd\u017ce 50 g rozkruszy\u0107; 1 \u0142y\u017cka cukru, 1\/3 szklanki ciep\u0142ego mleka, 3 \u0142y\u017cki m\u0105ki wymiesza\u0107 i odstawi\u0107 do \u201druszenia\u201d na 15- 20 minut. M\u0105ka 0,5 kg + 250 g mas\u0142a lub \u201e Kasi\u201d starannie po\u0142\u0105czy\u0107, nast\u0119pnie doda\u0107 rozmieszane 3 \u2013 4 jaja ca\u0142e, szczypt\u0119 soli i wszystko razem wyrobi\u0107. Ciasto [&hellip;]<\/p>\n","protected":false},"author":1,"featured_media":0,"parent":0,"menu_order":0,"comment_status":"open","ping_status":"open","template":"","meta":{"footnotes":""},"class_list":["post-795","page","type-page","status-publish","hentry"],"_links":{"self":[{"href":"https:\/\/www.milosnicylasu.olsztyn.pl\/index.php?rest_route=\/wp\/v2\/pages\/795","targetHints":{"allow":["GET"]}}],"collection":[{"href":"https:\/\/www.milosnicylasu.olsztyn.pl\/index.php?rest_route=\/wp\/v2\/pages"}],"about":[{"href":"https:\/\/www.milosnicylasu.olsztyn.pl\/index.php?rest_route=\/wp\/v2\/types\/page"}],"author":[{"embeddable":true,"href":"https:\/\/www.milosnicylasu.olsztyn.pl\/index.php?rest_route=\/wp\/v2\/users\/1"}],"replies":[{"embeddable":true,"href":"https:\/\/www.milosnicylasu.olsztyn.pl\/index.php?rest_route=%2Fwp%2Fv2%2Fcomments&post=795"}],"version-history":[{"count":22,"href":"https:\/\/www.milosnicylasu.olsztyn.pl\/index.php?rest_route=\/wp\/v2\/pages\/795\/revisions"}],"predecessor-version":[{"id":2617,"href":"https:\/\/www.milosnicylasu.olsztyn.pl\/index.php?rest_route=\/wp\/v2\/pages\/795\/revisions\/2617"}],"wp:attachment":[{"href":"https:\/\/www.milosnicylasu.olsztyn.pl\/index.php?rest_route=%2Fwp%2Fv2%2Fmedia&parent=795"}],"curies":[{"name":"wp","href":"https:\/\/api.w.org\/{rel}","templated":true}]}}